{"id":1802,"date":"2023-05-09T12:19:56","date_gmt":"2023-05-09T10:19:56","guid":{"rendered":"https:\/\/beta.infinitoeventos.es\/politica-de-privacidad\/"},"modified":"2024-07-22T09:36:46","modified_gmt":"2024-07-22T07:36:46","slug":"privacy-policy","status":"publish","type":"page","link":"https:\/\/infinitoeventos.es\/en\/privacy-policy\/","title":{"rendered":"Privacy policy"},"content":{"rendered":"[vc_row type=&#8221;in_container&#8221; full_screen_row_position=&#8221;middle&#8221; column_margin=&#8221;default&#8221; column_direction=&#8221;default&#8221; column_direction_tablet=&#8221;default&#8221; column_direction_phone=&#8221;default&#8221; scene_position=&#8221;center&#8221; bottom_margin=&#8221;50&#8243; text_color=&#8221;dark&#8221; text_align=&#8221;left&#8221; row_border_radius=&#8221;none&#8221; row_border_radius_applies=&#8221;bg&#8221; overflow=&#8221;visible&#8221; overlay_strength=&#8221;0.3&#8243; gradient_direction=&#8221;left_to_right&#8221; shape_divider_position=&#8221;bottom&#8221; bg_image_animation=&#8221;none&#8221; gradient_type=&#8221;default&#8221; shape_type=&#8221;&#8221;][vc_column column_padding=&#8221;no-extra-padding&#8221; column_padding_tablet=&#8221;inherit&#8221; column_padding_phone=&#8221;inherit&#8221; column_padding_position=&#8221;all&#8221; column_element_direction_desktop=&#8221;default&#8221; column_element_spacing=&#8221;30px&#8221; desktop_text_alignment=&#8221;default&#8221; tablet_text_alignment=&#8221;default&#8221; phone_text_alignment=&#8221;default&#8221; background_color_opacity=&#8221;1&#8243; background_hover_color_opacity=&#8221;1&#8243; column_backdrop_filter=&#8221;none&#8221; column_shadow=&#8221;none&#8221; column_border_radius=&#8221;none&#8221; column_link_target=&#8221;_self&#8221; column_position=&#8221;default&#8221; gradient_direction=&#8221;left_to_right&#8221; overlay_strength=&#8221;0.3&#8243; width=&#8221;1\/1&#8243; tablet_width_inherit=&#8221;default&#8221; animation_type=&#8221;default&#8221; bg_image_animation=&#8221;none&#8221; border_type=&#8221;simple&#8221; column_border_width=&#8221;none&#8221; column_border_style=&#8221;solid&#8221; column_padding_type=&#8221;default&#8221; gradient_type=&#8221;default&#8221;][vc_custom_heading text=&#8221;Pol\u00edtica de Privacidad&#8221; font_container=&#8221;tag:h1|text_align:left|color:%231c9188&#8243; use_theme_fonts=&#8221;yes&#8221; css=&#8221;.vc_custom_1685099109083{padding-bottom: 30px !important;}&#8221;][nectar_responsive_text]<strong>RESPONSABLE<br \/>\n<\/strong>De conformidad con lo establecido por el <strong>Reglamento General (UE) 2016\/679 de Protecci\u00f3n de datos y la Ley Org\u00e1nica 3\/2018 de Protecci\u00f3n de Datos personales y garant\u00eda de los derechos digitales<\/strong>, le informamos que los datos personales facilitados a trav\u00e9s de los formularios, as\u00ed como su direcci\u00f3n de correo electr\u00f3nico, han sido incluidos en un tratamiento titularidad de <strong>EVENTOS INFINITO &amp; COMUNICACION SL, [<\/strong>de ahora en adelante<strong> EVENTOS INFINITO], <\/strong>con domicilio social en C\/ San Vicente Ferrer 6 Alboraya, (Valencia) CIF: B98808777, es la encargada de la explotaci\u00f3n, gesti\u00f3n y funcionamiento del portal Web mencionado anteriormente.<\/p>\n<p>Se informa que los datos pueden ser tratados con la finalidad de facilitar informaci\u00f3n de nuestros productos y\/o servicios por medios electr\u00f3nicos, siempre que nos autorice a su tratamiento. Sus datos podr\u00e1n ser objeto de la elaboraci\u00f3n de perfiles, con el fin de aplicar un plan de fidelizaci\u00f3n de acuerdo a la vinculaci\u00f3n comercial del cliente y ofrecer ofertas que sean adecuadas a sus preferencias. Usted podr\u00e1 en cualquier momento oponerse a este tipo de comunicaciones, enviando un correo electr\u00f3nico a la direcci\u00f3n <strong>info@infinitoeventos.es<\/strong> e indicando en el asunto <strong>&#8220;Baja de la lista de distribuci\u00f3n&#8221;.<\/strong><\/p>\n<p>As\u00ed mismo, podr\u00e1 ejercer los derechos de <strong>a<\/strong>cceso, <strong>r<\/strong>ectificaci\u00f3n, <strong>s<\/strong>upresi\u00f3n, <strong>o<\/strong>posici\u00f3n, <strong>p<\/strong>ortabilidad y <strong>l<\/strong>imitaci\u00f3n, enviando un escrito acompa\u00f1ado de una fotocopia del D.N.I o documento acreditativo equivalente a la siguiente direcci\u00f3n electr\u00f3nica: <strong>info@infinitoeventos.es <\/strong>indicando en el asunto &#8220;<strong>Protecci\u00f3n de datos<\/strong>&#8220;.<\/p>\n<p><strong>POL\u00cdTICA<br \/>\nEVENTOS INFINITO<\/strong> est\u00e1 especialmente sensibilizado con la protecci\u00f3n de los datos de los usuarios de los servicios que acceden al sitio web. Mediante la presente Pol\u00edtica de Privacidad se informa a los usuarios de <strong>infinitoeventos.es<\/strong> del tratamiento y usos a los que se someten los datos personales que se recaban en la web mediante la <strong>informaci\u00f3n adicional<\/strong>, con el fin de que decidan, libre y voluntariamente, si desean facilitar la informaci\u00f3n solicitada.<\/p>\n<p><strong>MEDIDAS DE SEGURIDAD<br \/>\n<\/strong>Finalmente se informa que <strong>EVENTOS INFINITO, <\/strong>ha adoptado en el sistema de informaci\u00f3n las medidas t\u00e9cnicas y organizativas adecuadas, con objeto de garantizar la seguridad y confidencialidad de los datos almacenados, evitando as\u00ed, su alteraci\u00f3n, p\u00e9rdida, tratamiento o acceso no autorizado; teniendo en cuenta el estado de la t\u00e9cnica, los costes de aplicaci\u00f3n, y la naturaleza, el alcance, el contexto y las finalidades del tratamiento, as\u00ed como riesgos de probabilidad y gravedad variables asociadas a cada uno de los tratamientos.<\/p>\n<p><strong>REDES SOCIALES<br \/>\n<\/strong>Se informa que <strong>EVENTOS INFINITO <\/strong>puede tener presencia en redes sociales. El tratamiento de los datos que se lleve a cabo de las personas que se hagan seguidoras de las redes sociales (y\/o realicen cualquier v\u00ednculo o acci\u00f3n de conexi\u00f3n a trav\u00e9s de redes sociales) de las p\u00e1ginas web oficiales de <strong>EVENTOS INFINITO <\/strong>se regir\u00e1 por este apartado, as\u00ed como por aquellas condiciones de uso, pol\u00edticas de privacidad y normativas de acceso que pertenezcan a la red social que proceda en cada caso y sean aceptadas previamente por el usuario.<\/p>\n<p><strong>EVENTOS INFINITO <\/strong>tratar\u00e1 sus datos con la finalidad de administrar correctamente su presencia en la red social, informando de actividades, productos o servicios de la empresa, as\u00ed como para cualquier otra finalidad que las normativas de las redes sociales permitan.<\/p>\n<p>Queda prohibida la publicaci\u00f3n de contenidos:<\/p>\n<ul>\n<li>Que sean presuntamente il\u00edcitos para la normativa nacional, comunitaria o internacional o que realicen actividades presuntamente il\u00edcitas o contravengan los principios de la buena fe.<\/li>\n<li>Que atenten contra los derechos fundamentales de las personas, falten a la cortes\u00eda dentro de la red social, molesten o puedan generar opiniones negativas de nuestros usuarios o terceros y en general cualquier contenido que <strong>EVENTOS INFINITO\u00a0<\/strong>considere inapropiado.<\/li>\n<li>Y en general que contravengan los principios de legalidad, honor, responsabilidad, protecci\u00f3n de la dignidad humana, protecci\u00f3n de menores, protecci\u00f3n del orden p\u00fablico, la protecci\u00f3n de la vida privada, la protecci\u00f3n del consumidor y los derechos de propiedad intelectual e industrial.<\/li>\n<\/ul>\n<p>As\u00ed mismo, <strong>EVENTOS INFINITO\u00a0se reserva la potestad de retirar, sin previo aviso, del Sitio web o de la red social corporativa aquellos contenidos que se consideren inapropiados.<\/strong><\/p>\n<p>En todo caso, si usted remite informaci\u00f3n personal a trav\u00e9s de las redes sociales, <strong>EVENTOS INFINITO quedar\u00e1 exenta de responsabilidad en relaci\u00f3n a las medidas de seguridad aplicables en le presente Sitio web y el usuario, en caso de conocerlas, debe consultar las correspondientes condiciones particulares de la red social en cuesti\u00f3n.<\/strong><\/p>\n<p><strong>DERECHOS DE LOS USUARIOS<br \/>\n<\/strong>El interesado de los datos personales podr\u00e1 ejercitar los derechos que le asisten, de acuerdo con el Reglamento General de Protecci\u00f3n de Datos y del Ley Org\u00e1nica 3\/2018 de Protecci\u00f3n de datos personales y garant\u00eda de los derechos digitales, y que son:<\/p>\n<p><strong>A<\/strong>.- El derecho de <strong>acceso<\/strong>, se podr\u00e1 ejercitar con periodicidad anual, excepto inter\u00e9s leg\u00edtimo acreditado. <strong>EVENTOS INFINITO, <\/strong>proceder\u00e1 a notificar su decisi\u00f3n en el plazo de un mes. Si fuera en sentido afirmativo, el interesado podr\u00e1 acceder a la referida informaci\u00f3n en el plazo de los 10 d\u00edas siguientes a su notificaci\u00f3n.<\/p>\n<p><strong>B<\/strong>.- Los derechos de <strong>rectificaci\u00f3n <\/strong>y <strong>supresi\u00f3n<\/strong> podr\u00e1n ser ejercitados, con arreglo a las siguientes previsiones, siempre que el interesado considere que los datos recogidos en nuestros tratamientos son <em>inexactos, incompletos, inadecuados o excesivos.<\/em> En este caso, podr\u00e1 ejercitarlos a trav\u00e9s de alguno de los medios anteriormente previstos. <strong>EVENTOS INFINITO, <\/strong>proceder\u00e1 a la rectificaci\u00f3n o supresi\u00f3n dentro de los 10 d\u00edas siguientes al de la recepci\u00f3n de la solicitud.<\/p>\n<p><strong>C<\/strong>.- El derecho de <strong>oposici\u00f3n <\/strong>podr\u00e1 ser ejercitado, con arreglo a las siguientes previsiones, siempre que el interesado quiera oponerse al tratamiento de sus datos personales tanto si los datos se tratan l\u00edcitamente por inter\u00e9s leg\u00edtimo o consentimiento relativo a fines publicitarios.<\/p>\n<p><strong>D<\/strong>.- El derecho de <strong>portabilidad<\/strong> podr\u00e1 ser ejercitado, con arreglo a las siguientes previsiones, siempre que el interesado considere que los datos recogidos en nuestros tratamientos tienen que ser devueltos al titular de los datos, o en su caso a un tercero (Encargado de tratamiento).<\/p>\n<p><strong>E<\/strong>.- El derecho de <strong>limitaci\u00f3n del tratamiento <\/strong>podr\u00e1 ser ejercitado, previamente el derecho de oposici\u00f3n al tratamiento de sus datos, y que mientras no se resuelva el derecho de oposici\u00f3n, se limite el tratamiento de los datos.<\/p>\n<p><strong>CAMBIO DE NORMATIVA<br \/>\nEVENTOS INFINITO, <\/strong>se reserva el derecho de modificar la presente pol\u00edtica con el objeto de adaptarla a las novedades legislativas o jurisprudenciales. Tales cambios ser\u00e1n comunicados con la antelaci\u00f3n que sea necesaria en nuestra p\u00e1gina web, sin perjuicio de reclamar el consentimiento necesario de los afectados cuando este no se considere otorgado con arreglo a los t\u00e9rminos de la presente pol\u00edtica.<\/p>\n<p>Cualquier duda, pregunta o comentario que pudiera tener en referencia a la presente normativa, no dude en consultarlo dirigiendo su comunicaci\u00f3n a: <a href=\"mailto:info@notariavaliente.com\"><strong>info@infinitoeventos.es<\/strong><\/a>[\/nectar_responsive_text][\/vc_column][\/vc_row]\n","protected":false},"excerpt":{"rendered":"<p>[vc_row type=&#8221;in_container&#8221; full_screen_row_position=&#8221;middle&#8221; column_margin=&#8221;default&#8221; column_direction=&#8221;default&#8221; column_direction_tablet=&#8221;default&#8221; column_direction_phone=&#8221;default&#8221; scene_position=&#8221;center&#8221; bottom_margin=&#8221;50&#8243; text_color=&#8221;dark&#8221; text_align=&#8221;left&#8221; row_border_radius=&#8221;none&#8221; row_border_radius_applies=&#8221;bg&#8221; overflow=&#8221;visible&#8221; overlay_strength=&#8221;0.3&#8243; gradient_direction=&#8221;left_to_right&#8221; shape_divider_position=&#8221;bottom&#8221; bg_image_animation=&#8221;none&#8221; gradient_type=&#8221;default&#8221; shape_type=&#8221;&#8221;][vc_column column_padding=&#8221;no-extra-padding&#8221; column_padding_tablet=&#8221;inherit&#8221; column_padding_phone=&#8221;inherit&#8221; column_padding_position=&#8221;all&#8221; column_element_direction_desktop=&#8221;default&#8221; column_element_spacing=&#8221;30px&#8221; desktop_text_alignment=&#8221;default&#8221; tablet_text_alignment=&#8221;default&#8221; phone_text_alignment=&#8221;default&#8221; background_color_opacity=&#8221;1&#8243;&#8230;<\/p>\n","protected":false},"author":1,"featured_media":0,"parent":0,"menu_order":0,"comment_status":"closed","ping_status":"closed","template":"","meta":{"footnotes":""},"class_list":["post-1802","page","type-page","status-publish"],"_links":{"self":[{"href":"https:\/\/infinitoeventos.es\/en\/wp-json\/wp\/v2\/pages\/1802","targetHints":{"allow":["GET"]}}],"collection":[{"href":"https:\/\/infinitoeventos.es\/en\/wp-json\/wp\/v2\/pages"}],"about":[{"href":"https:\/\/infinitoeventos.es\/en\/wp-json\/wp\/v2\/types\/page"}],"author":[{"embeddable":true,"href":"https:\/\/infinitoeventos.es\/en\/wp-json\/wp\/v2\/users\/1"}],"replies":[{"embeddable":true,"href":"https:\/\/infinitoeventos.es\/en\/wp-json\/wp\/v2\/comments?post=1802"}],"version-history":[{"count":2,"href":"https:\/\/infinitoeventos.es\/en\/wp-json\/wp\/v2\/pages\/1802\/revisions"}],"predecessor-version":[{"id":2697,"href":"https:\/\/infinitoeventos.es\/en\/wp-json\/wp\/v2\/pages\/1802\/revisions\/2697"}],"wp:attachment":[{"href":"https:\/\/infinitoeventos.es\/en\/wp-json\/wp\/v2\/media?parent=1802"}],"curies":[{"name":"wp","href":"https:\/\/api.w.org\/{rel}","templated":true}]}}