{"id":1803,"date":"2023-05-09T12:19:46","date_gmt":"2023-05-09T10:19:46","guid":{"rendered":"https:\/\/beta.infinitoeventos.es\/aviso-legal\/"},"modified":"2024-07-22T09:36:05","modified_gmt":"2024-07-22T07:36:05","slug":"legal-notice","status":"publish","type":"page","link":"https:\/\/infinitoeventos.es\/en\/legal-notice\/","title":{"rendered":"Legal Notice"},"content":{"rendered":"[vc_row type=&#8221;in_container&#8221; full_screen_row_position=&#8221;middle&#8221; column_margin=&#8221;default&#8221; column_direction=&#8221;default&#8221; column_direction_tablet=&#8221;default&#8221; column_direction_phone=&#8221;default&#8221; scene_position=&#8221;center&#8221; bottom_margin=&#8221;50&#8243; text_color=&#8221;dark&#8221; text_align=&#8221;left&#8221; row_border_radius=&#8221;none&#8221; row_border_radius_applies=&#8221;bg&#8221; overflow=&#8221;visible&#8221; overlay_strength=&#8221;0.3&#8243; gradient_direction=&#8221;left_to_right&#8221; shape_divider_position=&#8221;bottom&#8221; bg_image_animation=&#8221;none&#8221; gradient_type=&#8221;default&#8221; shape_type=&#8221;&#8221;][vc_column column_padding=&#8221;no-extra-padding&#8221; column_padding_tablet=&#8221;inherit&#8221; column_padding_phone=&#8221;inherit&#8221; column_padding_position=&#8221;all&#8221; column_element_direction_desktop=&#8221;default&#8221; column_element_spacing=&#8221;30px&#8221; desktop_text_alignment=&#8221;default&#8221; tablet_text_alignment=&#8221;default&#8221; phone_text_alignment=&#8221;default&#8221; background_color_opacity=&#8221;1&#8243; background_hover_color_opacity=&#8221;1&#8243; column_backdrop_filter=&#8221;none&#8221; column_shadow=&#8221;none&#8221; column_border_radius=&#8221;none&#8221; column_link_target=&#8221;_self&#8221; column_position=&#8221;default&#8221; gradient_direction=&#8221;left_to_right&#8221; overlay_strength=&#8221;0.3&#8243; width=&#8221;1\/1&#8243; tablet_width_inherit=&#8221;default&#8221; animation_type=&#8221;default&#8221; bg_image_animation=&#8221;none&#8221; border_type=&#8221;simple&#8221; column_border_width=&#8221;none&#8221; column_border_style=&#8221;solid&#8221; column_padding_type=&#8221;default&#8221; gradient_type=&#8221;default&#8221;][vc_custom_heading text=&#8221;Aviso Legal&#8221; font_container=&#8221;tag:h1|text_align:left|color:%231c9188&#8243; use_theme_fonts=&#8221;yes&#8221; css=&#8221;.vc_custom_1685099041675{padding-bottom: 30px !important;}&#8221;][nectar_responsive_text]<strong>DATOS IDENTIFICATIVOS DEL PRESTADOR DE SERVICIOS DE LA SOCIEDAD DE LA INFORMACI\u00d3N<\/strong><b><br \/>\n<\/b>De conformidad con el art\u00edculo 10 de la <strong>Ley 34\/2002<\/strong>, de 11 de julio, de \u201c<strong>Servicios de la Sociedad de la Informaci\u00f3n y Comercio Electr\u00f3nico (LSSI)\u201d<\/strong>, ponemos en su conocimiento la siguiente informaci\u00f3n:<\/p>\n<p><strong>EVENTOS INFINITO &amp; COMUNICACION SL, <\/strong>[de ahora en adelante <strong>EVENTOS INFINITO], <\/strong>es el titular del portal Web <strong>infinitoeventos.es<\/strong>, que act\u00faa exclusivamente como explotadora, y gestora de los contenidos del portal Web domiciliada en C\/ San Vicente Ferrer 6 Alboraya, (Valencia) CIF: B98800238, es la encargada de la explotaci\u00f3n, gesti\u00f3n y funcionamiento del portal Web mencionado anteriormente.<br \/>\nSi quiere contactar con nosotros, puede hacerlo mediante el correo electr\u00f3nico <strong>info@infinitoeventos.es<\/strong><\/p>\n<p><strong>INTRODUCCI\u00d3N<\/strong><b><br \/>\n<\/b>El presente Aviso legal regula el uso de esta p\u00e1gina web. El acceso a la web es gratuito excepto en lo relativo al coste de la conexi\u00f3n a trav\u00e9s de la red de telecomunicaciones suministrada por el proveedor de acceso contratado por los usuarios.<\/p>\n<p><strong>ACEPTACI\u00d3N<\/strong><b><br \/>\n<\/b>La utilizaci\u00f3n del portal Web atribuye la condici\u00f3n de usuario, e implica la aceptaci\u00f3n total y sin reservas de todas y cada una de las disposiciones incluidas en este Aviso Legal, en la versi\u00f3n publicada para <strong>EVENTOS INFINITO<\/strong> en el mismo momento en que el usuario acceda a la Web. En consecuencia, el usuario tiene que leer atentamente el presente <strong>Aviso Legal<\/strong> en cada una de las ocasiones en que se proponga utilizar la Web, puesto que puede sufrir modificaciones.<\/p>\n<p><strong>INFORMACI\u00d3N SOBRE LOS V\u00cdNCULOS \u201cLINKS\u201d<\/strong><b><br \/>\n<strong>EVENTOS INFINITO<\/strong><\/b> no se hace responsable de las webs no propias o de terceros, a las cuales se puede acceder mediante v\u00ednculos \u201clinks\u201d o de cualquier contenido puesto a disposici\u00f3n por terceros.<\/p>\n<p>Cualquier uso de un v\u00ednculo o acceso a una Web no propia es realizado por voluntad y riesgo exclusivo del usuario, <strong>EVENTOS INFINITO<\/strong> no recomienda ni garantiza ninguna informaci\u00f3n obtenida a trav\u00e9s de un v\u00ednculo ajeno a la web de <strong>infinitoeventos.es,<\/strong> ni se responsabiliza de ninguna p\u00e9rdida, reclamaci\u00f3n o perjuicio derivada del uso o mal uso de un v\u00ednculo, o de la informaci\u00f3n obtenida a trav\u00e9s de \u00e9l, incluyendo otros v\u00ednculos o webs, de la interrupci\u00f3n en el servicio o en el acceso, o del uso\u00a0 o mal uso de un v\u00ednculo, tanto al conectar al portal Web <strong>infinitoeventos.es<\/strong> c\u00f3mo al acceder a la informaci\u00f3n de otras webs desde el mismo portal Web<\/p>\n<p><strong>LIMITACI\u00d3N DE GARANT\u00cdAS Y RESPONSABILIDADES<\/strong><b><br \/>\n<strong>EVENTOS INFINITO <\/strong><\/b>hace todo lo posible para evitar cualquier error en relaci\u00f3n con los contenidos de esta p\u00e1gina web.<strong>\u00a0<\/strong><\/p>\n<p><strong>EVENTOS INFINITO <\/strong>adopta las medidas y los mecanismos necesarios para garantizar la seguridad de las comunicaciones y las transacciones que se produzcan mediante el portal web, seg\u00fan el estado de la tecnolog\u00eda y de acuerdo con la tipolog\u00eda de las transacciones y los servicios que se ponen a disposici\u00f3n de los usuarios.<\/p>\n<p><strong>EVENTOS INFINITO <\/strong>no ser\u00e1 responsable de los da\u00f1os que se puedan ocasionar al sistema inform\u00e1tico de los usuarios por cualquier causa ajena o no imputable a este sitio web, incluidos, sin limitaciones, los da\u00f1os ocasionados a causa de interferencias, omisiones, interrupciones, virus inform\u00e1ticos, aver\u00edas telef\u00f3nicas o desconexiones en el funcionamiento operativo del sistema electr\u00f3nico. Asimismo, <strong>EVENTOS INFINITO<\/strong> tampoco responder\u00e1 de ninguna interrupci\u00f3n, error o fallo que se produzca en el sistema, debido a un mal funcionamiento de la red o de los servidores que est\u00e1n conectados.<\/p>\n<p><strong>PROPIEDAD INTELECTUAL E INDUSTRIAL, MARCAS REGISTRADAS<\/strong><b><br \/>\n<\/b>La estructura, dise\u00f1o y forma de presentaci\u00f3n de los elementos (gr\u00e1ficos, im\u00e1genes, ficheros logotipos, combinaciones de colores y cualquier elemento susceptible de protecci\u00f3n) est\u00e1n protegidos por derechos de propiedad intelectual, titularidad de <strong>EVENTOS INFINITO.<\/strong><\/p>\n<p>Est\u00e1 prohibida la reproducci\u00f3n, la transformaci\u00f3n, la distribuci\u00f3n, la comunicaci\u00f3n p\u00fablica, y en general cualquier otra forma de explotaci\u00f3n, parcial o total de los elementos referidos en el apartado anterior. Estos actos de explotaci\u00f3n s\u00f3lo podr\u00e1n ser realizados en virtud de la autorizaci\u00f3n expresa de <strong>EVENTOS INFINITO<\/strong> y que, en todo caso, tendr\u00e1n que hacer referencia expl\u00edcita a la titularidad de los citados derechos de propiedad intelectual de <strong>EVENTOS INFINITO.<\/strong><\/p>\n<p>S\u00f3lo est\u00e1 autorizado para el uso privado del material documental elaborado para <strong>EVENTOS INFINITO.<\/strong> En ning\u00fan caso, podr\u00e1 suprimir, alterar, eludir o manipular cualquier dispositivo de protecci\u00f3n o sistemas de seguridad que pueda estar instalado.<\/p>\n<p>Excepto autorizaci\u00f3n expresa de <strong>EVENTOS INFINITO<\/strong> no se permite el enlace a \u201cp\u00e1ginas finales\u201d, el \u201cframe\u201d y cualquier otra manipulaci\u00f3n similar. Los enlaces tienen que ser siempre en la p\u00e1gina principal o \u201chome page\u201d de <strong>infinitoeventos.es<\/strong><\/p>\n<p>Los signos distintivos (marcas, nombres comerciales) de <strong>EVENTOS INFINITO<\/strong> est\u00e1n protegidos por derechos de propiedad industrial, quedando prohibida la utilizaci\u00f3n o manipulaci\u00f3n de cualquiera de \u00e9stos, excepto autorizaci\u00f3n expresa y por escrito de <strong>EVENTOS INFINITO.<\/strong><\/p>\n<p><strong>NO COMPARTA SU INFORMACI\u00d3N PERSONAL\u00a0<\/strong><b><br \/>\n<strong>EVENTOS INFINITO<\/strong><\/b> nunca le enviar\u00e1 un correo electr\u00f3nico ni le llamar\u00e1 por tel\u00e9fono para pedirle que revele o verifique la contrase\u00f1a de su cuenta, ni sus n\u00fameros de cuenta bancaria o tarjeta de cr\u00e9dito, ni cualquier otro tipo de informaci\u00f3n personal. En caso de que alguien contacte con usted o de recibir un correo electr\u00f3nico no solicitado que le pida alguno de los datos anteriores, no responda y comun\u00edquelo inmediatamente a <strong>EVENTOS INFINITO<\/strong>, para que procedan a la investigaci\u00f3n del incidente.<strong>\u00a0<\/strong><\/p>\n<p><strong>IDENTIFIQUE LOS CORREOS ELECTR\u00d3NICOS FALSOS (intentos de &#8216;spoofing&#8217; o &#8216;phishing&#8217;)<\/strong><b><br \/>\n<\/b>Ignore todo correo electr\u00f3nico que reciba en el que se le solicite informaci\u00f3n personal o que le redirija en otra p\u00e1gina web que no sea propiedad de <strong>EVENTOS INFINITO<\/strong>, o de sociedades del grupo, o que le pida que pague por un medio diferente del autorizado por <strong>EVENTOS INFINITO<\/strong>, puesto que podr\u00eda ser un intento de suplantaci\u00f3n de personalidad (&#8216;spoofing&#8217; o &#8216;phishing&#8217;), y tendr\u00e1 que considerarlo fraudulento.<\/p>\n<p><strong>EVENTOS INFINITO<\/strong> utiliza el dominio <strong>\u201cinfinitoeventos.es\u201d<\/strong> para sus correos electr\u00f3nicos. Si usted recibe un correo electr\u00f3nico con un formato diferente, por ejemplo: infinitoeventos.security@hotmail.com, puede estar seguro de que es un correo falso.<\/p>\n<p>Algunos correos electr\u00f3nicos que practican phishing contienen enlaces a sitios web que utilizan la palabra &#8220;<strong>EVENTOS INFINITO<\/strong>\u201d en su URL, pero le dirigir\u00e1n a un sitio web completamente diferente. Si desplaza el rat\u00f3n por encima del enlace, podr\u00e1 ver la URL asociada, que probablemente tendr\u00e1 un formato diferente a las enlazadas en los sitios web aut\u00e9nticos de <strong>EVENTOS INFINITO.<\/strong><\/p>\n<p>Si aun as\u00ed usted hace clic en un correo electr\u00f3nico que practica phishing y es redirigido a una p\u00e1gina que se asemeje a &#8220;A su Cuenta&#8221; o a cualquiera que le solicite verificar o modificar su informaci\u00f3n personal, ign\u00f3rela y consid\u00e9rela como fraudulenta.<\/p>\n<p><strong>COMUNIQUE LOS INTENTOS DE &#8216;phishing&#8217;<\/strong><b><br \/>\n<\/b>Env\u00ede un correo electr\u00f3nico a la direcci\u00f3n <strong>info@infinitoeventos.es<\/strong> y adjunte el correo electr\u00f3nico que considere falso. Al facilitarnos esta informaci\u00f3n nos est\u00e1 ayudando a localizar su origen.<\/p>\n<p>Si no puede adjuntar el correo electr\u00f3nico falso, reenv\u00edelo a <strong>info@infinitoeventos.es <\/strong>e incluya la mayor cantidad de informaci\u00f3n posible sobre el mismo.[\/nectar_responsive_text][\/vc_column][\/vc_row]\n","protected":false},"excerpt":{"rendered":"<p>[vc_row type=&#8221;in_container&#8221; full_screen_row_position=&#8221;middle&#8221; column_margin=&#8221;default&#8221; column_direction=&#8221;default&#8221; column_direction_tablet=&#8221;default&#8221; column_direction_phone=&#8221;default&#8221; scene_position=&#8221;center&#8221; bottom_margin=&#8221;50&#8243; text_color=&#8221;dark&#8221; text_align=&#8221;left&#8221; row_border_radius=&#8221;none&#8221; row_border_radius_applies=&#8221;bg&#8221; overflow=&#8221;visible&#8221; overlay_strength=&#8221;0.3&#8243; gradient_direction=&#8221;left_to_right&#8221; shape_divider_position=&#8221;bottom&#8221; bg_image_animation=&#8221;none&#8221; gradient_type=&#8221;default&#8221; shape_type=&#8221;&#8221;][vc_column column_padding=&#8221;no-extra-padding&#8221; column_padding_tablet=&#8221;inherit&#8221; column_padding_phone=&#8221;inherit&#8221; column_padding_position=&#8221;all&#8221; column_element_direction_desktop=&#8221;default&#8221; column_element_spacing=&#8221;30px&#8221; desktop_text_alignment=&#8221;default&#8221; tablet_text_alignment=&#8221;default&#8221; phone_text_alignment=&#8221;default&#8221; background_color_opacity=&#8221;1&#8243;&#8230;<\/p>\n","protected":false},"author":1,"featured_media":0,"parent":0,"menu_order":0,"comment_status":"closed","ping_status":"closed","template":"","meta":{"footnotes":""},"class_list":["post-1803","page","type-page","status-publish"],"_links":{"self":[{"href":"https:\/\/infinitoeventos.es\/en\/wp-json\/wp\/v2\/pages\/1803","targetHints":{"allow":["GET"]}}],"collection":[{"href":"https:\/\/infinitoeventos.es\/en\/wp-json\/wp\/v2\/pages"}],"about":[{"href":"https:\/\/infinitoeventos.es\/en\/wp-json\/wp\/v2\/types\/page"}],"author":[{"embeddable":true,"href":"https:\/\/infinitoeventos.es\/en\/wp-json\/wp\/v2\/users\/1"}],"replies":[{"embeddable":true,"href":"https:\/\/infinitoeventos.es\/en\/wp-json\/wp\/v2\/comments?post=1803"}],"version-history":[{"count":2,"href":"https:\/\/infinitoeventos.es\/en\/wp-json\/wp\/v2\/pages\/1803\/revisions"}],"predecessor-version":[{"id":2696,"href":"https:\/\/infinitoeventos.es\/en\/wp-json\/wp\/v2\/pages\/1803\/revisions\/2696"}],"wp:attachment":[{"href":"https:\/\/infinitoeventos.es\/en\/wp-json\/wp\/v2\/media?parent=1803"}],"curies":[{"name":"wp","href":"https:\/\/api.w.org\/{rel}","templated":true}]}}